{"id":19,"date":"2025-06-12T08:44:33","date_gmt":"2025-06-12T06:44:33","guid":{"rendered":"https:\/\/groupecomas.com\/?page_id=19"},"modified":"2025-12-17T16:28:19","modified_gmt":"2025-12-17T15:28:19","slug":"emballages-comas","status":"publish","type":"page","link":"https:\/\/groupecomas.com\/index.php\/emballages-comas\/","title":{"rendered":"Emballages Comas"},"content":{"rendered":"\n<p>La soci\u00e9t\u00e9 Emballages Comas fabrique des emballages principalement \u00e0 destination des mara\u00eechers.<\/p>\n\n\n\n<p>Retrouvez tous les \u00e9l\u00e9ments sur&nbsp;<a href=\"https:\/\/comas-emballage.fr\/\" target=\"_blank\" rel=\"noreferrer noopener\">https:\/\/comas-emballage.fr<\/a><\/p>\n\n\n\n<p><\/p>\n","protected":false},"excerpt":{"rendered":"<p>La soci\u00e9t\u00e9 Emballages Comas fabrique des emballages principalement \u00e0 destination des mara\u00eechers. Retrouvez tous les \u00e9l\u00e9ments sur&nbsp;https:\/\/comas-emballage.fr<\/p>\n","protected":false},"author":1,"featured_media":86,"parent":0,"menu_order":0,"comment_status":"closed","ping_status":"closed","template":"","meta":{"footnotes":""},"class_list":["post-19","page","type-page","status-publish","has-post-thumbnail","hentry"],"_links":{"self":[{"href":"https:\/\/groupecomas.com\/index.php\/wp-json\/wp\/v2\/pages\/19","targetHints":{"allow":["GET"]}}],"collection":[{"href":"https:\/\/groupecomas.com\/index.php\/wp-json\/wp\/v2\/pages"}],"about":[{"href":"https:\/\/groupecomas.com\/index.php\/wp-json\/wp\/v2\/types\/page"}],"author":[{"embeddable":true,"href":"https:\/\/groupecomas.com\/index.php\/wp-json\/wp\/v2\/users\/1"}],"replies":[{"embeddable":true,"href":"https:\/\/groupecomas.com\/index.php\/wp-json\/wp\/v2\/comments?post=19"}],"version-history":[{"count":2,"href":"https:\/\/groupecomas.com\/index.php\/wp-json\/wp\/v2\/pages\/19\/revisions"}],"predecessor-version":[{"id":88,"href":"https:\/\/groupecomas.com\/index.php\/wp-json\/wp\/v2\/pages\/19\/revisions\/88"}],"wp:featuredmedia":[{"embeddable":true,"href":"https:\/\/groupecomas.com\/index.php\/wp-json\/wp\/v2\/media\/86"}],"wp:attachment":[{"href":"https:\/\/groupecomas.com\/index.php\/wp-json\/wp\/v2\/media?parent=19"}],"curies":[{"name":"wp","href":"https:\/\/api.w.org\/{rel}","templated":true}]}}