{"id":22,"date":"2025-06-12T08:45:07","date_gmt":"2025-06-12T06:45:07","guid":{"rendered":"https:\/\/groupecomas.com\/?page_id=22"},"modified":"2025-12-17T16:33:21","modified_gmt":"2025-12-17T15:33:21","slug":"emballages-debionne","status":"publish","type":"page","link":"https:\/\/groupecomas.com\/index.php\/emballages-debionne\/","title":{"rendered":"Emballages Debionne"},"content":{"rendered":"\n<p>La soci\u00e9t\u00e9 Emballages Debionne fabrique des emballages principalement \u00e0 destination des arboriculteurs.<\/p>\n\n\n\n<p>Retrouvez tous les \u00e9l\u00e9ments sur&nbsp;<a href=\"https:\/\/debionne.fr\/\" target=\"_blank\" rel=\"noreferrer noopener\">https:\/\/debionne.fr<\/a><\/p>\n\n\n\n<p><\/p>\n","protected":false},"excerpt":{"rendered":"<p>La soci\u00e9t\u00e9 Emballages Debionne fabrique des emballages principalement \u00e0 destination des arboriculteurs. Retrouvez tous les \u00e9l\u00e9ments sur&nbsp;https:\/\/debionne.fr<\/p>\n","protected":false},"author":1,"featured_media":92,"parent":0,"menu_order":0,"comment_status":"closed","ping_status":"closed","template":"","meta":{"footnotes":""},"class_list":["post-22","page","type-page","status-publish","has-post-thumbnail","hentry"],"_links":{"self":[{"href":"https:\/\/groupecomas.com\/index.php\/wp-json\/wp\/v2\/pages\/22","targetHints":{"allow":["GET"]}}],"collection":[{"href":"https:\/\/groupecomas.com\/index.php\/wp-json\/wp\/v2\/pages"}],"about":[{"href":"https:\/\/groupecomas.com\/index.php\/wp-json\/wp\/v2\/types\/page"}],"author":[{"embeddable":true,"href":"https:\/\/groupecomas.com\/index.php\/wp-json\/wp\/v2\/users\/1"}],"replies":[{"embeddable":true,"href":"https:\/\/groupecomas.com\/index.php\/wp-json\/wp\/v2\/comments?post=22"}],"version-history":[{"count":1,"href":"https:\/\/groupecomas.com\/index.php\/wp-json\/wp\/v2\/pages\/22\/revisions"}],"predecessor-version":[{"id":24,"href":"https:\/\/groupecomas.com\/index.php\/wp-json\/wp\/v2\/pages\/22\/revisions\/24"}],"wp:featuredmedia":[{"embeddable":true,"href":"https:\/\/groupecomas.com\/index.php\/wp-json\/wp\/v2\/media\/92"}],"wp:attachment":[{"href":"https:\/\/groupecomas.com\/index.php\/wp-json\/wp\/v2\/media?parent=22"}],"curies":[{"name":"wp","href":"https:\/\/api.w.org\/{rel}","templated":true}]}}