{"id":9,"date":"2025-06-12T08:36:59","date_gmt":"2025-06-12T06:36:59","guid":{"rendered":"https:\/\/groupecomas.com\/?page_id=9"},"modified":"2025-12-17T16:24:36","modified_gmt":"2025-12-17T15:24:36","slug":"fabricants-demballages-en-bois-au-plus-pres-de-nos-clients","status":"publish","type":"page","link":"https:\/\/groupecomas.com\/","title":{"rendered":"FABRICANTS D\u2019EMBALLAGES EN BOIS, AU PLUS PR\u00c8S DE NOS CLIENTS"},"content":{"rendered":"<div class=\"wp-block-image\">\n<figure class=\"aligncenter size-full is-resized\"><img loading=\"lazy\" decoding=\"async\" width=\"739\" height=\"411\" src=\"https:\/\/groupecomas.com\/wp-content\/uploads\/2025\/06\/20-22-maraicher.jpg\" alt=\"Photo de personnes r\u00e9coltant des salades dans un champ et les pla\u00e7ant dans une cagette en bois.\" class=\"wp-image-10\" style=\"width:800px\" srcset=\"https:\/\/groupecomas.com\/wp-content\/uploads\/2025\/06\/20-22-maraicher.jpg 739w, https:\/\/groupecomas.com\/wp-content\/uploads\/2025\/06\/20-22-maraicher-300x167.jpg 300w\" sizes=\"auto, (max-width: 739px) 100vw, 739px\" \/><\/figure>\n<\/div>\n\n\n<h2 class=\"wp-block-heading\">QUI SOMMES-NOUS?<\/h2>\n\n\n\n<figure class=\"wp-block-image size-large\"><img loading=\"lazy\" decoding=\"async\" width=\"1024\" height=\"562\" src=\"https:\/\/groupecomas.com\/wp-content\/uploads\/2025\/06\/Presentation-Groupe-Comas-1024x562.png\" alt=\"\" class=\"wp-image-11\" style=\"object-fit:cover\" srcset=\"https:\/\/groupecomas.com\/wp-content\/uploads\/2025\/06\/Presentation-Groupe-Comas-1024x562.png 1024w, https:\/\/groupecomas.com\/wp-content\/uploads\/2025\/06\/Presentation-Groupe-Comas-300x165.png 300w, https:\/\/groupecomas.com\/wp-content\/uploads\/2025\/06\/Presentation-Groupe-Comas-768x422.png 768w, https:\/\/groupecomas.com\/wp-content\/uploads\/2025\/06\/Presentation-Groupe-Comas-1536x844.png 1536w, https:\/\/groupecomas.com\/wp-content\/uploads\/2025\/06\/Presentation-Groupe-Comas-2048x1125.png 2048w\" sizes=\"auto, (max-width: 1024px) 100vw, 1024px\" \/><\/figure>\n\n\n\n<p>Le Groupe Comas r\u00e9unit des entreprises fabriquant des emballages en bois, principalement \u00e0 destination du march\u00e9 des fruits et l\u00e9gumes ainsi que pour les fromagers.<\/p>\n\n\n\n<h2 class=\"wp-block-heading\"><strong>NOS DIFF\u00c9RENTS SITES DE PRODUCTION EN FRANCE<\/strong><\/h2>\n\n\n\n<h2 class=\"wp-block-heading\">Emballages Comas, \u00e0 Jayat dans l\u2019Ain<\/h2>\n\n\n<div class=\"wp-block-image\">\n<figure class=\"aligncenter size-large is-resized\"><a href=\"https:\/\/groupecomas.com\/index.php\/emballages-comas\/\"><img loading=\"lazy\" decoding=\"async\" width=\"1024\" height=\"473\" src=\"https:\/\/groupecomas.com\/wp-content\/uploads\/2025\/06\/Diapo-Radis-1300x600-1-1024x473.png\" alt=\"Photo montrant des radis dans des cagettes en bois\" class=\"wp-image-35\" style=\"width:800px\" srcset=\"https:\/\/groupecomas.com\/wp-content\/uploads\/2025\/06\/Diapo-Radis-1300x600-1-1024x473.png 1024w, https:\/\/groupecomas.com\/wp-content\/uploads\/2025\/06\/Diapo-Radis-1300x600-1-300x138.png 300w, https:\/\/groupecomas.com\/wp-content\/uploads\/2025\/06\/Diapo-Radis-1300x600-1-768x354.png 768w, https:\/\/groupecomas.com\/wp-content\/uploads\/2025\/06\/Diapo-Radis-1300x600-1.png 1300w\" sizes=\"auto, (max-width: 1024px) 100vw, 1024px\" \/><\/a><\/figure>\n<\/div>\n\n\n<h2 class=\"wp-block-heading\">Emballages Debionne, \u00e0 Peyrins dans la Dr\u00f4me<\/h2>\n\n\n<div class=\"wp-block-image\">\n<figure class=\"aligncenter size-full is-resized\"><a href=\"https:\/\/groupecomas.com\/index.php\/emballages-debionne\/\"><img loading=\"lazy\" decoding=\"async\" width=\"945\" height=\"323\" src=\"https:\/\/groupecomas.com\/wp-content\/uploads\/2025\/06\/image.png\" alt=\"Photo montrant des fruits dans des cagettes en bois\" class=\"wp-image-36\" style=\"width:800px\" srcset=\"https:\/\/groupecomas.com\/wp-content\/uploads\/2025\/06\/image.png 945w, https:\/\/groupecomas.com\/wp-content\/uploads\/2025\/06\/image-300x103.png 300w, https:\/\/groupecomas.com\/wp-content\/uploads\/2025\/06\/image-768x263.png 768w\" sizes=\"auto, (max-width: 945px) 100vw, 945px\" \/><\/a><\/figure>\n<\/div>\n\n\n<h2 class=\"wp-block-heading\">O\u00f9 nous trouver?<\/h2>\n\n\n<div class=\"wp-block-image\">\n<figure class=\"aligncenter size-large is-resized\"><img loading=\"lazy\" decoding=\"async\" width=\"1024\" height=\"1024\" src=\"https:\/\/groupecomas.com\/wp-content\/uploads\/2025\/06\/Carte-1024x1024.png\" alt=\"\" class=\"wp-image-51\" style=\"width:400px\" srcset=\"https:\/\/groupecomas.com\/wp-content\/uploads\/2025\/06\/Carte-1024x1024.png 1024w, https:\/\/groupecomas.com\/wp-content\/uploads\/2025\/06\/Carte-300x300.png 300w, https:\/\/groupecomas.com\/wp-content\/uploads\/2025\/06\/Carte-150x150.png 150w, https:\/\/groupecomas.com\/wp-content\/uploads\/2025\/06\/Carte-768x768.png 768w, https:\/\/groupecomas.com\/wp-content\/uploads\/2025\/06\/Carte.png 1458w\" sizes=\"auto, (max-width: 1024px) 100vw, 1024px\" \/><\/figure>\n<\/div>","protected":false},"excerpt":{"rendered":"<p>QUI SOMMES-NOUS? Le Groupe Comas r\u00e9unit des entreprises fabriquant des emballages en bois, principalement \u00e0 destination du march\u00e9 des fruits et l\u00e9gumes ainsi que pour les fromagers. NOS DIFF\u00c9RENTS SITES &#8230;<\/p>\n","protected":false},"author":1,"featured_media":0,"parent":0,"menu_order":0,"comment_status":"closed","ping_status":"closed","template":"","meta":{"footnotes":""},"class_list":["post-9","page","type-page","status-publish","hentry"],"_links":{"self":[{"href":"https:\/\/groupecomas.com\/index.php\/wp-json\/wp\/v2\/pages\/9","targetHints":{"allow":["GET"]}}],"collection":[{"href":"https:\/\/groupecomas.com\/index.php\/wp-json\/wp\/v2\/pages"}],"about":[{"href":"https:\/\/groupecomas.com\/index.php\/wp-json\/wp\/v2\/types\/page"}],"author":[{"embeddable":true,"href":"https:\/\/groupecomas.com\/index.php\/wp-json\/wp\/v2\/users\/1"}],"replies":[{"embeddable":true,"href":"https:\/\/groupecomas.com\/index.php\/wp-json\/wp\/v2\/comments?post=9"}],"version-history":[{"count":16,"href":"https:\/\/groupecomas.com\/index.php\/wp-json\/wp\/v2\/pages\/9\/revisions"}],"predecessor-version":[{"id":85,"href":"https:\/\/groupecomas.com\/index.php\/wp-json\/wp\/v2\/pages\/9\/revisions\/85"}],"wp:attachment":[{"href":"https:\/\/groupecomas.com\/index.php\/wp-json\/wp\/v2\/media?parent=9"}],"curies":[{"name":"wp","href":"https:\/\/api.w.org\/{rel}","templated":true}]}}